{"id":250,"date":"2024-08-16T11:47:58","date_gmt":"2024-08-16T11:47:58","guid":{"rendered":"https:\/\/new-mobcash-wp.bettest.site\/hakkimizda\/"},"modified":"2024-09-06T09:06:57","modified_gmt":"2024-09-06T09:06:57","slug":"hakkimizda","status":"publish","type":"page","link":"https:\/\/new-mobcash-wp.bettest.site\/tr\/hakkimizda\/","title":{"rendered":"HAKKIMIZDA"},"content":{"rendered":"<h1>hakkimizda<\/h1>\n<p class=\"font\">Bahis D\u00fcnyas\u0131ndaki G\u00fcvenilir Orta\u011f\u0131n\u0131z<\/p>\n<p class=\"font\">Bir Mobcash temsilcisi olarak kendi kazanc\u0131n\u0131z\u0131 elde edebilmenize olanak sa\u011flayan BetAndYou&#8217;ya ho\u015f geldiniz. 2010&#8217;daki kurulu\u015fumuzdan bu yana k\u00fcresel olarak geli\u015fmekte ve say\u0131s\u0131z ki\u015finin spor bahis end\u00fcstrisinde finansal destekleyici olabilmesine olanak sa\u011flamaktay\u0131z. Platformumuz siz ve m\u00fc\u015fterileriniz i\u00e7in kusursuz bir i\u015flem deneyimi sunarak dengeli ve g\u00fcvenilir bir gelir kayna\u011f\u0131 sa\u011flar.<\/p>\n<p><a class=\"button button-yellow custom-btn btn-7\" href=\"https:\/\/new-mobcash-wp.bettest.site\/tr\/become-an-agent\/\">Learn more<\/a><\/p>\n","protected":false},"excerpt":{"rendered":"<p>hakkimizda Bahis D\u00fcnyas\u0131ndaki G\u00fcvenilir Orta\u011f\u0131n\u0131z Bir Mobcash temsilcisi olarak kendi kazanc\u0131n\u0131z\u0131 elde edebilmenize olanak sa\u011flayan BetAndYou&#8217;ya ho\u015f geldiniz. 2010&#8217;daki kurulu\u015fumuzdan bu yana k\u00fcresel olarak geli\u015fmekte ve say\u0131s\u0131z ki\u015finin spor bahis end\u00fcstrisinde finansal destekleyici olabilmesine olanak sa\u011flamaktay\u0131z. Platformumuz siz ve m\u00fc\u015fterileriniz i\u00e7in kusursuz bir i\u015flem deneyimi sunarak dengeli ve g\u00fcvenilir bir gelir kayna\u011f\u0131 sa\u011flar. Learn more<\/p>\n","protected":false},"author":1,"featured_media":0,"parent":0,"menu_order":0,"comment_status":"closed","ping_status":"closed","template":"page-about-us.php","meta":{"footnotes":""},"class_list":["post-250","page","type-page","status-publish","hentry"],"_links":{"self":[{"href":"https:\/\/new-mobcash-wp.bettest.site\/tr\/wp-json\/wp\/v2\/pages\/250"}],"collection":[{"href":"https:\/\/new-mobcash-wp.bettest.site\/tr\/wp-json\/wp\/v2\/pages"}],"about":[{"href":"https:\/\/new-mobcash-wp.bettest.site\/tr\/wp-json\/wp\/v2\/types\/page"}],"author":[{"embeddable":true,"href":"https:\/\/new-mobcash-wp.bettest.site\/tr\/wp-json\/wp\/v2\/users\/1"}],"replies":[{"embeddable":true,"href":"https:\/\/new-mobcash-wp.bettest.site\/tr\/wp-json\/wp\/v2\/comments?post=250"}],"version-history":[{"count":8,"href":"https:\/\/new-mobcash-wp.bettest.site\/tr\/wp-json\/wp\/v2\/pages\/250\/revisions"}],"predecessor-version":[{"id":556,"href":"https:\/\/new-mobcash-wp.bettest.site\/tr\/wp-json\/wp\/v2\/pages\/250\/revisions\/556"}],"wp:attachment":[{"href":"https:\/\/new-mobcash-wp.bettest.site\/tr\/wp-json\/wp\/v2\/media?parent=250"}],"curies":[{"name":"wp","href":"https:\/\/api.w.org\/{rel}","templated":true}]}}