{"id":386,"date":"2024-08-15T15:45:41","date_gmt":"2024-08-15T15:45:41","guid":{"rendered":"https:\/\/new-mobcash-wp.bettest.site\/main\/"},"modified":"2024-09-06T09:49:20","modified_gmt":"2024-09-06T09:49:20","slug":"main","status":"publish","type":"page","link":"https:\/\/new-mobcash-wp.bettest.site\/fr\/","title":{"rendered":"Main"},"content":{"rendered":"<h1>gagner de l&rsquo;argent en ligne en tant qu&rsquo; <span style=\"color: #ffbc00;\">agent betandyou<\/span><\/h1>\n<p>Commencez votre aventure aujourd&rsquo;hui!<\/p>\n<p><a class=\"button button--yellow custom-btn btn-7\" href=\"#become\"><span style=\"vertical-align: inherit;\"><span style=\"vertical-align: inherit;\">Devenir agent<\/span><\/span><\/a><\/p>\n<p class=\"font\">D\u00e9couvrez un monde d&rsquo;opportunit\u00e9s pour gagner de l&rsquo;argent en ligne avec Betandyou. Gagnez, d\u00e9veloppez et r\u00e9ussissez en tant qu&rsquo;agent. Que vous choisissiez de g\u00e9rer les transactions des joueurs ou de construire votre propre r\u00e9seau, notre plateforme vous fournit les outils et le soutien dont vous avez besoin pour votre p\u00e9riple vers l&rsquo;ind\u00e9pendance financi\u00e8re.<\/p>\n","protected":false},"excerpt":{"rendered":"<p>gagner de l&rsquo;argent en ligne en tant qu&rsquo; agent betandyou Commencez votre aventure aujourd&rsquo;hui! Devenir agent D\u00e9couvrez un monde d&rsquo;opportunit\u00e9s pour gagner de l&rsquo;argent en ligne avec Betandyou. Gagnez, d\u00e9veloppez et r\u00e9ussissez en tant qu&rsquo;agent. Que vous choisissiez de g\u00e9rer les transactions des joueurs ou de construire votre propre r\u00e9seau, notre plateforme vous fournit les [&hellip;]<\/p>\n","protected":false},"author":1,"featured_media":0,"parent":0,"menu_order":0,"comment_status":"closed","ping_status":"closed","template":"","meta":{"footnotes":""},"class_list":["post-386","page","type-page","status-publish","hentry"],"_links":{"self":[{"href":"https:\/\/new-mobcash-wp.bettest.site\/fr\/wp-json\/wp\/v2\/pages\/386"}],"collection":[{"href":"https:\/\/new-mobcash-wp.bettest.site\/fr\/wp-json\/wp\/v2\/pages"}],"about":[{"href":"https:\/\/new-mobcash-wp.bettest.site\/fr\/wp-json\/wp\/v2\/types\/page"}],"author":[{"embeddable":true,"href":"https:\/\/new-mobcash-wp.bettest.site\/fr\/wp-json\/wp\/v2\/users\/1"}],"replies":[{"embeddable":true,"href":"https:\/\/new-mobcash-wp.bettest.site\/fr\/wp-json\/wp\/v2\/comments?post=386"}],"version-history":[{"count":7,"href":"https:\/\/new-mobcash-wp.bettest.site\/fr\/wp-json\/wp\/v2\/pages\/386\/revisions"}],"predecessor-version":[{"id":569,"href":"https:\/\/new-mobcash-wp.bettest.site\/fr\/wp-json\/wp\/v2\/pages\/386\/revisions\/569"}],"wp:attachment":[{"href":"https:\/\/new-mobcash-wp.bettest.site\/fr\/wp-json\/wp\/v2\/media?parent=386"}],"curies":[{"name":"wp","href":"https:\/\/api.w.org\/{rel}","templated":true}]}}