{"id":408,"date":"2024-08-15T15:45:41","date_gmt":"2024-08-15T15:45:41","guid":{"rendered":"https:\/\/new-mobcash-wp.bettest.site\/%e0%a5%a4-%e0%a4%90%e0%a4%b8%e0%a5%87\/"},"modified":"2024-09-06T09:34:12","modified_gmt":"2024-09-06T09:34:12","slug":"%e0%a5%a4-%e0%a4%90%e0%a4%b8%e0%a5%87","status":"publish","type":"page","link":"https:\/\/new-mobcash-wp.bettest.site\/az\/","title":{"rendered":"\u0964 \u0910\u0938\u0947"},"content":{"rendered":"<h1>onlayn qazan<span style=\"color: #ffbc00;\"> betandyou agenti\u0307<\/span><\/h1>\n<p>Bu g\u00fcnd\u0259n yeni mac\u0259ran\u0131za ba\u015flay\u0131n!<\/p>\n<p><a class=\"button button--yellow custom-btn btn-7\" href=\"#become\">Agent olmaq<\/a><\/p>\n<p class=\"font\">Betandyou il\u0259 onlayn qazanma imkanlar\u0131n\u0131n d\u00fcnyas\u0131n\u0131 k\u0259\u015ff edin. Bir agent kimi qazan\u0131n, inki\u015faf edin v\u0259 u\u011fur qazan\u0131n. \u0130st\u0259r oyun\u00e7ularla \u0259m\u0259liyyatlar apar\u0131rs\u0131n\u0131z, ist\u0259rs\u0259 d\u0259 \u00f6z \u015f\u0259b\u0259k\u0259nizi qurursunuz, bizim platformam\u0131z maliyy\u0259 m\u00fcst\u0259qilliyin\u0259 ged\u0259n yolda siz\u0259 laz\u0131m olan al\u0259tl\u0259ri v\u0259 d\u0259st\u0259yi t\u0259min edir.<\/p>\n","protected":false},"excerpt":{"rendered":"<p>onlayn qazan betandyou agenti\u0307 Bu g\u00fcnd\u0259n yeni mac\u0259ran\u0131za ba\u015flay\u0131n! Agent olmaq Betandyou il\u0259 onlayn qazanma imkanlar\u0131n\u0131n d\u00fcnyas\u0131n\u0131 k\u0259\u015ff edin. Bir agent kimi qazan\u0131n, inki\u015faf edin v\u0259 u\u011fur qazan\u0131n. \u0130st\u0259r oyun\u00e7ularla \u0259m\u0259liyyatlar apar\u0131rs\u0131n\u0131z, ist\u0259rs\u0259 d\u0259 \u00f6z \u015f\u0259b\u0259k\u0259nizi qurursunuz, bizim platformam\u0131z maliyy\u0259 m\u00fcst\u0259qilliyin\u0259 ged\u0259n yolda siz\u0259 laz\u0131m olan al\u0259tl\u0259ri v\u0259 d\u0259st\u0259yi t\u0259min edir.<\/p>\n","protected":false},"author":1,"featured_media":0,"parent":0,"menu_order":0,"comment_status":"closed","ping_status":"closed","template":"","meta":{"footnotes":""},"class_list":["post-408","page","type-page","status-publish","hentry"],"_links":{"self":[{"href":"https:\/\/new-mobcash-wp.bettest.site\/az\/wp-json\/wp\/v2\/pages\/408"}],"collection":[{"href":"https:\/\/new-mobcash-wp.bettest.site\/az\/wp-json\/wp\/v2\/pages"}],"about":[{"href":"https:\/\/new-mobcash-wp.bettest.site\/az\/wp-json\/wp\/v2\/types\/page"}],"author":[{"embeddable":true,"href":"https:\/\/new-mobcash-wp.bettest.site\/az\/wp-json\/wp\/v2\/users\/1"}],"replies":[{"embeddable":true,"href":"https:\/\/new-mobcash-wp.bettest.site\/az\/wp-json\/wp\/v2\/comments?post=408"}],"version-history":[{"count":3,"href":"https:\/\/new-mobcash-wp.bettest.site\/az\/wp-json\/wp\/v2\/pages\/408\/revisions"}],"predecessor-version":[{"id":559,"href":"https:\/\/new-mobcash-wp.bettest.site\/az\/wp-json\/wp\/v2\/pages\/408\/revisions\/559"}],"wp:attachment":[{"href":"https:\/\/new-mobcash-wp.bettest.site\/az\/wp-json\/wp\/v2\/media?parent=408"}],"curies":[{"name":"wp","href":"https:\/\/api.w.org\/{rel}","templated":true}]}}